{"id":2585,"date":"2020-10-18T12:34:13","date_gmt":"2020-10-18T12:34:13","guid":{"rendered":"https:\/\/parkofideas.com\/luchiana\/demo\/?page_id=3"},"modified":"2021-11-30T02:58:59","modified_gmt":"2021-11-30T02:58:59","slug":"privacy-policy","status":"publish","type":"page","link":"https:\/\/leudineshop.com\/en\/privacy-policy\/","title":{"rendered":"Privacy Policy"},"content":{"rendered":"<div data-elementor-type=\"wp-page\" data-elementor-id=\"2585\" class=\"elementor elementor-2585\">\n\t\t\t\t\t\t<section class=\"elementor-section elementor-top-section elementor-element elementor-element-2005d0eb elementor-section-boxed elementor-section-height-default elementor-section-height-default\" data-id=\"2005d0eb\" data-element_type=\"section\" data-e-type=\"section\">\n\t\t\t\t\t\t<div class=\"elementor-container elementor-column-gap-default\">\n\t\t\t\t\t<div class=\"elementor-column elementor-col-100 elementor-top-column elementor-element elementor-element-ff398de\" data-id=\"ff398de\" data-element_type=\"column\" data-e-type=\"column\">\n\t\t\t<div class=\"elementor-widget-wrap elementor-element-populated\">\n\t\t\t\t\t\t<div class=\"elementor-element elementor-element-5d850c97 elementor-widget elementor-widget-text-editor\" data-id=\"5d850c97\" data-element_type=\"widget\" data-e-type=\"widget\" data-widget_type=\"text-editor.default\">\n\t\t\t\t<div class=\"elementor-widget-container\">\n\t\t\t\t\t\t\t\t\t<h3 style=\"text-align: center;\">\u00bfQui\u00e9nes somos?<\/h3>\n<p><!-- \/wp:heading --><!-- wp:paragraph --><\/p>\n<p>Nuestro sitio web es: <a href=\"https:\/\/leudineshop.com\/en\/\">https:\/\/leudineshop.com\/<\/a><\/p>\n<p><!-- \/wp:paragraph --><!-- wp:heading --><\/p>\n<h3 style=\"text-align: center;\">Qu\u00c9 datos personales<br \/>RECOLECTAMOS<\/h3>\n<h5>COMENTARIOS<\/h5>\n<p><!-- \/wp:heading --><!-- wp:paragraph --><\/p>\n<p>Cuando los visitantes dejan comentarios en el sitio, recopilamos los datos que se muestran en el formulario de comentarios, y tambi\u00e9n la direcci\u00f3n IP del visitante y la cadena del agente de usuario del navegador para ayudar a la detecci\u00f3n de spam.<\/p>\n<p>Se puede proporcionar una cadena an\u00f3nima creada a partir de su direcci\u00f3n de correo electr\u00f3nico (tambi\u00e9n llamada hash) al servicio de Leudine para ver si la est\u00e1 utilizando. La pol\u00edtica de privacidad del servicio Leudine. Despu\u00e9s de la aprobaci\u00f3n de su comentario, su foto de perfil es visible para el p\u00fablico en el contexto de su comentario.<\/p>\n<p><!-- \/wp:paragraph --><!-- wp:heading {\"level\":3} --><\/p>\n<h5><span style=\"color: var(--text-color); letter-spacing: 0.225em; font-family: var(--font-text);\">Cookies<\/span><\/h5>\n<p><!-- \/wp:heading --><!-- wp:paragraph --><\/p>\n<p>Si deja un comentario en nuestro sitio, puede optar por guardar su nombre, direcci\u00f3n de correo electr\u00f3nico y sitio web en cookies. Estos son para su conveniencia para que no tenga que volver a completar sus datos cuando deje otro comentario. Estas cookies durar\u00e1n un a\u00f1o.<\/p>\n<p>Si visita nuestra p\u00e1gina de inicio de sesi\u00f3n, configuraremos una cookie temporal para determinar si su navegador acepta cookies. Esta cookie no contiene datos personales y se descarta cuando cierra su navegador.<\/p>\n<p>Cuando inicie sesi\u00f3n, tambi\u00e9n configuraremos varias cookies para guardar su informaci\u00f3n de inicio de sesi\u00f3n y sus opciones de visualizaci\u00f3n de pantalla. Las cookies de inicio de sesi\u00f3n duran dos d\u00edas y las cookies de opciones de pantalla duran un a\u00f1o. Si selecciona \u00abRecordarme\u00bb, su inicio de sesi\u00f3n persistir\u00e1 durante dos semanas. Si cierra sesi\u00f3n en su cuenta, se eliminar\u00e1n las cookies de inicio de sesi\u00f3n.<\/p>\n<p>Si edita o publica un art\u00edculo, se guardar\u00e1 una cookie adicional en su navegador. Esta cookie no incluye datos personales y simplemente indica el ID de publicaci\u00f3n del art\u00edculo que acaba de editar. Caduca despu\u00e9s de 1 d\u00eda.<\/p>\n<p><!-- \/wp:paragraph --><!-- wp:heading {\"level\":3} --><\/p>\n<h5>contenido embebido de otros sitios web<\/h5>\n<p><!-- \/wp:heading --><!-- wp:paragraph --><\/p>\n<p>Los art\u00edculos de este sitio pueden incluir contenido incrustado (por ejemplo, videos, im\u00e1genes, art\u00edculos, etc.). El contenido incrustado de otros sitios web se comporta exactamente de la misma manera que si el visitante hubiera visitado el otro sitio web.<\/p>\n<p>Estos sitios web pueden recopilar datos sobre usted, usar cookies, incrustar un seguimiento adicional de terceros y monitorear su interacci\u00f3n con ese contenido incrustado, incluido el seguimiento de su interacci\u00f3n con el contenido incrustado si tiene una cuenta y ha iniciado sesi\u00f3n en ese sitio web.<\/p>\n<p><!-- \/wp:paragraph --><!-- wp:heading {\"level\":3} --><\/p>\n<p>SI DEJA UN COMENTARIO, EL COMENTARIO Y SUS METADATOS SE GUARDAN INDEFINIDAMENTE. ESTO ES PARA QUE PODAMOS RECONOCER Y APROBAR CUALQUIER COMENTARIO DE SEGUIMIENTO AUTOM\u00c1TICAMENTE EN LUGAR DE MANTENERLOS EN UNA COLA DE MODERACI\u00d3N.<\/p>\n<p>Para los usuarios que se registran en nuestro sitio web (si corresponde), tambi\u00e9n almacenamos la informaci\u00f3n personal que proporcionan en su perfil de usuario. Todos los usuarios pueden ver, editar o eliminar su informaci\u00f3n personal en cualquier momento (excepto que no pueden cambiar su nombre de usuario). Los administradores del sitio web tambi\u00e9n pueden ver y editar esa informaci\u00f3n.<\/p>\n<p><!-- \/wp:heading --><\/p>\t\t\t\t\t\t\t\t<\/div>\n\t\t\t\t<\/div>\n\t\t\t\t\t<\/div>\n\t\t<\/div>\n\t\t\t\t\t<\/div>\n\t\t<\/section>\n\t\t\t\t<\/div>","protected":false},"excerpt":{"rendered":"<p>\u00bfQui\u00e9nes somos? Nuestro sitio web es: https:\/\/leudineshop.com\/ Qu\u00c9 datos personalesRECOLECTAMOS COMENTARIOS Cuando los visitantes dejan comentarios en el sitio, recopilamos los datos&hellip;<\/p>","protected":false},"author":2,"featured_media":0,"parent":0,"menu_order":0,"comment_status":"closed","ping_status":"open","template":"","meta":{"_coblocks_attr":"","_coblocks_dimensions":"","_coblocks_responsive_height":"","_coblocks_accordion_ie_support":"","footnotes":""},"class_list":["post-2585","page","type-page","status-publish","hentry"],"yoast_head":"<!-- This site is optimized with the Yoast SEO plugin v27.6 - https:\/\/yoast.com\/product\/yoast-seo-wordpress\/ -->\n<title>Privacy Policy - Leudine Shop<\/title>\n<meta name=\"robots\" content=\"index, follow, max-snippet:-1, max-image-preview:large, max-video-preview:-1\" \/>\n<link rel=\"canonical\" href=\"https:\/\/leudineshop.com\/en\/privacy-policy\/\" \/>\n<meta property=\"og:locale\" content=\"en_US\" \/>\n<meta property=\"og:type\" content=\"article\" \/>\n<meta property=\"og:title\" content=\"Privacy Policy - Leudine Shop\" \/>\n<meta property=\"og:description\" content=\"\u00bfQui\u00e9nes somos? Nuestro sitio web es: https:\/\/leudineshop.com\/ Qu\u00c9 datos personalesRECOLECTAMOS COMENTARIOS Cuando los visitantes dejan comentarios en el sitio, recopilamos los datos&hellip;\" \/>\n<meta property=\"og:url\" content=\"https:\/\/leudineshop.com\/en\/privacy-policy\/\" \/>\n<meta property=\"og:site_name\" content=\"Leudine Shop\" \/>\n<meta property=\"article:publisher\" content=\"https:\/\/www.facebook.com\/LeudineUSAOfficial\" \/>\n<meta property=\"article:modified_time\" content=\"2021-11-30T02:58:59+00:00\" \/>\n<meta property=\"og:image\" content=\"https:\/\/leudineshop.com\/wp-content\/uploads\/2024\/06\/tienda_leudine.jpg\" \/>\n\t<meta property=\"og:image:width\" content=\"1200\" \/>\n\t<meta property=\"og:image:height\" content=\"675\" \/>\n\t<meta property=\"og:image:type\" content=\"image\/jpeg\" \/>\n<meta name=\"twitter:card\" content=\"summary_large_image\" \/>\n<meta name=\"twitter:label1\" content=\"Est. reading time\" \/>\n\t<meta name=\"twitter:data1\" content=\"3 minutes\" \/>\n<script type=\"application\/ld+json\" class=\"yoast-schema-graph\">{\"@context\":\"https:\\\/\\\/schema.org\",\"@graph\":[{\"@type\":\"WebPage\",\"@id\":\"https:\\\/\\\/leudineshop.com\\\/privacy-policy\\\/\",\"url\":\"https:\\\/\\\/leudineshop.com\\\/privacy-policy\\\/\",\"name\":\"Privacy Policy - Leudine Shop\",\"isPartOf\":{\"@id\":\"https:\\\/\\\/leudineshop.com\\\/#website\"},\"datePublished\":\"2020-10-18T12:34:13+00:00\",\"dateModified\":\"2021-11-30T02:58:59+00:00\",\"breadcrumb\":{\"@id\":\"https:\\\/\\\/leudineshop.com\\\/privacy-policy\\\/#breadcrumb\"},\"inLanguage\":\"en-US\",\"potentialAction\":[{\"@type\":\"ReadAction\",\"target\":[\"https:\\\/\\\/leudineshop.com\\\/privacy-policy\\\/\"]}]},{\"@type\":\"BreadcrumbList\",\"@id\":\"https:\\\/\\\/leudineshop.com\\\/privacy-policy\\\/#breadcrumb\",\"itemListElement\":[{\"@type\":\"ListItem\",\"position\":1,\"name\":\"Portada\",\"item\":\"https:\\\/\\\/leudineshop.com\\\/\"},{\"@type\":\"ListItem\",\"position\":2,\"name\":\"Privacy Policy\"}]},{\"@type\":\"WebSite\",\"@id\":\"https:\\\/\\\/leudineshop.com\\\/#website\",\"url\":\"https:\\\/\\\/leudineshop.com\\\/\",\"name\":\"Leudine Shop\",\"description\":\"Productos de salud, belleza y bienestar natural\",\"publisher\":{\"@id\":\"https:\\\/\\\/leudineshop.com\\\/#organization\"},\"alternateName\":\"Tienda Leudine\",\"potentialAction\":[{\"@type\":\"SearchAction\",\"target\":{\"@type\":\"EntryPoint\",\"urlTemplate\":\"https:\\\/\\\/leudineshop.com\\\/?s={search_term_string}\"},\"query-input\":{\"@type\":\"PropertyValueSpecification\",\"valueRequired\":true,\"valueName\":\"search_term_string\"}}],\"inLanguage\":\"en-US\"},{\"@type\":\"Organization\",\"@id\":\"https:\\\/\\\/leudineshop.com\\\/#organization\",\"name\":\"Leudine USA\",\"url\":\"https:\\\/\\\/leudineshop.com\\\/\",\"logo\":{\"@type\":\"ImageObject\",\"inLanguage\":\"en-US\",\"@id\":\"https:\\\/\\\/leudineshop.com\\\/#\\\/schema\\\/logo\\\/image\\\/\",\"url\":\"https:\\\/\\\/leudineshop.com\\\/wp-content\\\/uploads\\\/2024\\\/06\\\/LOGO.jpg\",\"contentUrl\":\"https:\\\/\\\/leudineshop.com\\\/wp-content\\\/uploads\\\/2024\\\/06\\\/LOGO.jpg\",\"width\":800,\"height\":791,\"caption\":\"Leudine USA\"},\"image\":{\"@id\":\"https:\\\/\\\/leudineshop.com\\\/#\\\/schema\\\/logo\\\/image\\\/\"},\"sameAs\":[\"https:\\\/\\\/www.facebook.com\\\/LeudineUSAOfficial\",\"https:\\\/\\\/www.instagram.com\\\/leudineusaoficial\\\/\"]}]}<\/script>\n<!-- \/ Yoast SEO plugin. -->","yoast_head_json":{"title":"Privacy Policy - Leudine Shop","robots":{"index":"index","follow":"follow","max-snippet":"max-snippet:-1","max-image-preview":"max-image-preview:large","max-video-preview":"max-video-preview:-1"},"canonical":"https:\/\/leudineshop.com\/en\/privacy-policy\/","og_locale":"en_US","og_type":"article","og_title":"Privacy Policy - Leudine Shop","og_description":"\u00bfQui\u00e9nes somos? Nuestro sitio web es: https:\/\/leudineshop.com\/ Qu\u00c9 datos personalesRECOLECTAMOS COMENTARIOS Cuando los visitantes dejan comentarios en el sitio, recopilamos los datos&hellip;","og_url":"https:\/\/leudineshop.com\/en\/privacy-policy\/","og_site_name":"Leudine Shop","article_publisher":"https:\/\/www.facebook.com\/LeudineUSAOfficial","article_modified_time":"2021-11-30T02:58:59+00:00","og_image":[{"width":1200,"height":675,"url":"https:\/\/leudineshop.com\/wp-content\/uploads\/2024\/06\/tienda_leudine.jpg","type":"image\/jpeg"}],"twitter_card":"summary_large_image","twitter_misc":{"Est. reading time":"3 minutes"},"schema":{"@context":"https:\/\/schema.org","@graph":[{"@type":"WebPage","@id":"https:\/\/leudineshop.com\/privacy-policy\/","url":"https:\/\/leudineshop.com\/privacy-policy\/","name":"Privacy Policy - Leudine Shop","isPartOf":{"@id":"https:\/\/leudineshop.com\/#website"},"datePublished":"2020-10-18T12:34:13+00:00","dateModified":"2021-11-30T02:58:59+00:00","breadcrumb":{"@id":"https:\/\/leudineshop.com\/privacy-policy\/#breadcrumb"},"inLanguage":"en-US","potentialAction":[{"@type":"ReadAction","target":["https:\/\/leudineshop.com\/privacy-policy\/"]}]},{"@type":"BreadcrumbList","@id":"https:\/\/leudineshop.com\/privacy-policy\/#breadcrumb","itemListElement":[{"@type":"ListItem","position":1,"name":"Portada","item":"https:\/\/leudineshop.com\/"},{"@type":"ListItem","position":2,"name":"Privacy Policy"}]},{"@type":"WebSite","@id":"https:\/\/leudineshop.com\/#website","url":"https:\/\/leudineshop.com\/","name":"Leudine Shop","description":"Productos de salud, belleza y bienestar natural","publisher":{"@id":"https:\/\/leudineshop.com\/#organization"},"alternateName":"Tienda Leudine","potentialAction":[{"@type":"SearchAction","target":{"@type":"EntryPoint","urlTemplate":"https:\/\/leudineshop.com\/?s={search_term_string}"},"query-input":{"@type":"PropertyValueSpecification","valueRequired":true,"valueName":"search_term_string"}}],"inLanguage":"en-US"},{"@type":"Organization","@id":"https:\/\/leudineshop.com\/#organization","name":"Leudine USA","url":"https:\/\/leudineshop.com\/","logo":{"@type":"ImageObject","inLanguage":"en-US","@id":"https:\/\/leudineshop.com\/#\/schema\/logo\/image\/","url":"https:\/\/leudineshop.com\/wp-content\/uploads\/2024\/06\/LOGO.jpg","contentUrl":"https:\/\/leudineshop.com\/wp-content\/uploads\/2024\/06\/LOGO.jpg","width":800,"height":791,"caption":"Leudine USA"},"image":{"@id":"https:\/\/leudineshop.com\/#\/schema\/logo\/image\/"},"sameAs":["https:\/\/www.facebook.com\/LeudineUSAOfficial","https:\/\/www.instagram.com\/leudineusaoficial\/"]}]}},"jetpack_sharing_enabled":true,"_links":{"self":[{"href":"https:\/\/leudineshop.com\/en\/wp-json\/wp\/v2\/pages\/2585","targetHints":{"allow":["GET"]}}],"collection":[{"href":"https:\/\/leudineshop.com\/en\/wp-json\/wp\/v2\/pages"}],"about":[{"href":"https:\/\/leudineshop.com\/en\/wp-json\/wp\/v2\/types\/page"}],"author":[{"embeddable":true,"href":"https:\/\/leudineshop.com\/en\/wp-json\/wp\/v2\/users\/2"}],"replies":[{"embeddable":true,"href":"https:\/\/leudineshop.com\/en\/wp-json\/wp\/v2\/comments?post=2585"}],"version-history":[{"count":7,"href":"https:\/\/leudineshop.com\/en\/wp-json\/wp\/v2\/pages\/2585\/revisions"}],"predecessor-version":[{"id":3030,"href":"https:\/\/leudineshop.com\/en\/wp-json\/wp\/v2\/pages\/2585\/revisions\/3030"}],"wp:attachment":[{"href":"https:\/\/leudineshop.com\/en\/wp-json\/wp\/v2\/media?parent=2585"}],"curies":[{"name":"wp","href":"https:\/\/api.w.org\/{rel}","templated":true}]}}