{"id":2774,"date":"2021-10-21T13:21:09","date_gmt":"2021-10-21T13:21:09","guid":{"rendered":"https:\/\/leudineshop.com\/?post_type=product&#038;p=2774"},"modified":"2024-12-04T05:41:14","modified_gmt":"2024-12-04T05:41:14","slug":"healthy-feet","status":"publish","type":"product","link":"https:\/\/leudineshop.com\/en\/shop\/healthy-feet\/","title":{"rendered":"Healthy Feet Gel antihongos"},"content":{"rendered":"<div class=\"page\" title=\"Page 11\">\n<div class=\"section\">\n<div class=\"layoutArea\">\n<div class=\"column\">\n<div class=\"page\" title=\"Page 11\">\n<div class=\"section\">\n<div class=\"layoutArea\">\n<div class=\"column\">\n<div class=\"page\" title=\"Page 25\">\n<div class=\"section\">\n<div class=\"layoutArea\">\n<div class=\"column\">\n<p>La soluci\u00f3n definitiva para los hongos en las u\u00f1as de los pies gracias a la potente acci\u00f3n del a\u0301cido undecile\u0301nico. Elimina los microorganismos que se desarrollan en las zonas ca\u0301lidas y hu\u0301medas de los pies causando mal olor.<\/p>\n<\/div>\n<div class=\"page\" title=\"Page 25\">\n<div class=\"section\">\n<div class=\"layoutArea\">\n<div class=\"column\">\n<p>TREATMENT<\/p>\n<p>Clean the area to be treated with soap and water, dry well, and apply a thin layer of Healthy Feet twice a day (morning and night).<\/p>\n<p>TIPS<\/p>\n<p>Broad bactericidal power in foot care and fungal prevention prevents and treats athlete's feet, eliminates nail fungus, and eliminates microorganisms that develop in the warm and humid areas of the feet.<\/p>\n<p>INGREDIENTS<\/p>\n<p>Undecylenic acid.<\/p>\n<\/div>\n<\/div>\n<\/div>\n<\/div>\n<\/div>\n<\/div>\n<\/div>\n<\/div>\n<\/div>\n<\/div>\n<\/div>\n<\/div>\n<\/div>\n<\/div>\n<\/div>","protected":false},"excerpt":{"rendered":"<p>Este potente gel es la soluci\u00f3n definitiva para los hongos en las u\u00f1as de los pies gracias a la acci\u00f3n del a\u0301cido undecile\u0301nico. Elimina los microorganismos que se desarrollan en las zonas ca\u0301lidas y hu\u0301medas de los pies causando mal olor.<\/p>","protected":false},"featured_media":3401,"comment_status":"open","ping_status":"closed","template":"","meta":{"_coblocks_attr":"","_coblocks_dimensions":"","_coblocks_responsive_height":"","_coblocks_accordion_ie_support":""},"product_brand":[],"product_cat":[82],"product_tag":[98,99],"class_list":{"0":"post-2774","1":"product","2":"type-product","3":"status-publish","4":"has-post-thumbnail","6":"product_cat-bioterapia","7":"product_tag-healthy-feet","8":"product_tag-tratamiento-pies","9":"pa_brands-fablemane","11":"first","12":"instock","13":"taxable","14":"shipping-taxable","15":"purchasable","16":"product-type-simple"},"yoast_head":"<!-- This site is optimized with the Yoast SEO plugin v27.4 - https:\/\/yoast.com\/product\/yoast-seo-wordpress\/ -->\n<title>Healthy Feet Gel antihongos - Leudine Shop<\/title>\n<meta name=\"description\" content=\"Este potente gel es la soluci\u00f3n definitiva para los hongos en las u\u00f1as de los pies gracias a la acci\u00f3n del a\u0301cido undecile\u0301nico.\" \/>\n<meta name=\"robots\" content=\"index, follow, max-snippet:-1, max-image-preview:large, max-video-preview:-1\" \/>\n<link rel=\"canonical\" href=\"https:\/\/leudineshop.com\/en\/shop\/healthy-feet\/\" \/>\n<meta property=\"og:locale\" content=\"en_US\" \/>\n<meta property=\"og:type\" content=\"article\" \/>\n<meta property=\"og:title\" content=\"Healthy Feet Gel antihongos - Leudine Shop\" \/>\n<meta property=\"og:description\" content=\"Este potente gel es la soluci\u00f3n definitiva para los hongos en las u\u00f1as de los pies gracias a la acci\u00f3n del a\u0301cido undecile\u0301nico.\" \/>\n<meta property=\"og:url\" content=\"https:\/\/leudineshop.com\/en\/shop\/healthy-feet\/\" \/>\n<meta property=\"og:site_name\" content=\"Leudine Shop\" \/>\n<meta property=\"article:publisher\" content=\"https:\/\/www.facebook.com\/LeudineUSAOfficial\" \/>\n<meta property=\"article:modified_time\" content=\"2024-12-04T05:41:14+00:00\" \/>\n<meta property=\"og:image\" content=\"https:\/\/leudineshop.com\/wp-content\/uploads\/2021\/10\/HealthyFeet-1.png\" \/>\n\t<meta property=\"og:image:width\" content=\"961\" \/>\n\t<meta property=\"og:image:height\" content=\"1097\" \/>\n\t<meta property=\"og:image:type\" content=\"image\/png\" \/>\n<meta name=\"twitter:card\" content=\"summary_large_image\" \/>\n<meta name=\"twitter:label1\" content=\"Est. reading time\" \/>\n\t<meta name=\"twitter:data1\" content=\"1 minute\" \/>\n<script type=\"application\/ld+json\" class=\"yoast-schema-graph\">{\"@context\":\"https:\\\/\\\/schema.org\",\"@graph\":[{\"@type\":\"WebPage\",\"@id\":\"https:\\\/\\\/leudineshop.com\\\/shop\\\/healthy-feet\\\/\",\"url\":\"https:\\\/\\\/leudineshop.com\\\/shop\\\/healthy-feet\\\/\",\"name\":\"Healthy Feet Gel antihongos - Leudine Shop\",\"isPartOf\":{\"@id\":\"https:\\\/\\\/leudineshop.com\\\/#website\"},\"primaryImageOfPage\":{\"@id\":\"https:\\\/\\\/leudineshop.com\\\/shop\\\/healthy-feet\\\/#primaryimage\"},\"image\":{\"@id\":\"https:\\\/\\\/leudineshop.com\\\/shop\\\/healthy-feet\\\/#primaryimage\"},\"thumbnailUrl\":\"https:\\\/\\\/leudineshop.com\\\/wp-content\\\/uploads\\\/2021\\\/10\\\/HealthyFeet-1.png\",\"datePublished\":\"2021-10-21T13:21:09+00:00\",\"dateModified\":\"2024-12-04T05:41:14+00:00\",\"description\":\"Este potente gel es la soluci\u00f3n definitiva para los hongos en las u\u00f1as de los pies gracias a la acci\u00f3n del a\u0301cido undecile\u0301nico.\",\"breadcrumb\":{\"@id\":\"https:\\\/\\\/leudineshop.com\\\/shop\\\/healthy-feet\\\/#breadcrumb\"},\"inLanguage\":\"en-US\",\"potentialAction\":[{\"@type\":\"ReadAction\",\"target\":[\"https:\\\/\\\/leudineshop.com\\\/shop\\\/healthy-feet\\\/\"]}]},{\"@type\":\"ImageObject\",\"inLanguage\":\"en-US\",\"@id\":\"https:\\\/\\\/leudineshop.com\\\/shop\\\/healthy-feet\\\/#primaryimage\",\"url\":\"https:\\\/\\\/leudineshop.com\\\/wp-content\\\/uploads\\\/2021\\\/10\\\/HealthyFeet-1.png\",\"contentUrl\":\"https:\\\/\\\/leudineshop.com\\\/wp-content\\\/uploads\\\/2021\\\/10\\\/HealthyFeet-1.png\",\"width\":961,\"height\":1097},{\"@type\":\"BreadcrumbList\",\"@id\":\"https:\\\/\\\/leudineshop.com\\\/shop\\\/healthy-feet\\\/#breadcrumb\",\"itemListElement\":[{\"@type\":\"ListItem\",\"position\":1,\"name\":\"Portada\",\"item\":\"https:\\\/\\\/leudineshop.com\\\/\"},{\"@type\":\"ListItem\",\"position\":2,\"name\":\"Shop\",\"item\":\"https:\\\/\\\/leudineshop.com\\\/bienestar-natural\\\/\"},{\"@type\":\"ListItem\",\"position\":3,\"name\":\"Healthy Feet Gel antihongos\"}]},{\"@type\":\"WebSite\",\"@id\":\"https:\\\/\\\/leudineshop.com\\\/#website\",\"url\":\"https:\\\/\\\/leudineshop.com\\\/\",\"name\":\"Leudine Shop\",\"description\":\"Productos de salud, belleza y bienestar natural\",\"publisher\":{\"@id\":\"https:\\\/\\\/leudineshop.com\\\/#organization\"},\"alternateName\":\"Tienda Leudine\",\"potentialAction\":[{\"@type\":\"SearchAction\",\"target\":{\"@type\":\"EntryPoint\",\"urlTemplate\":\"https:\\\/\\\/leudineshop.com\\\/?s={search_term_string}\"},\"query-input\":{\"@type\":\"PropertyValueSpecification\",\"valueRequired\":true,\"valueName\":\"search_term_string\"}}],\"inLanguage\":\"en-US\"},{\"@type\":\"Organization\",\"@id\":\"https:\\\/\\\/leudineshop.com\\\/#organization\",\"name\":\"Leudine USA\",\"url\":\"https:\\\/\\\/leudineshop.com\\\/\",\"logo\":{\"@type\":\"ImageObject\",\"inLanguage\":\"en-US\",\"@id\":\"https:\\\/\\\/leudineshop.com\\\/#\\\/schema\\\/logo\\\/image\\\/\",\"url\":\"https:\\\/\\\/leudineshop.com\\\/wp-content\\\/uploads\\\/2024\\\/06\\\/LOGO.jpg\",\"contentUrl\":\"https:\\\/\\\/leudineshop.com\\\/wp-content\\\/uploads\\\/2024\\\/06\\\/LOGO.jpg\",\"width\":800,\"height\":791,\"caption\":\"Leudine USA\"},\"image\":{\"@id\":\"https:\\\/\\\/leudineshop.com\\\/#\\\/schema\\\/logo\\\/image\\\/\"},\"sameAs\":[\"https:\\\/\\\/www.facebook.com\\\/LeudineUSAOfficial\",\"https:\\\/\\\/www.instagram.com\\\/leudineusaoficial\\\/\"]}]}<\/script>\n<!-- \/ Yoast SEO plugin. -->","yoast_head_json":{"title":"Healthy Feet Gel antihongos - Leudine Shop","description":"Este potente gel es la soluci\u00f3n definitiva para los hongos en las u\u00f1as de los pies gracias a la acci\u00f3n del a\u0301cido undecile\u0301nico.","robots":{"index":"index","follow":"follow","max-snippet":"max-snippet:-1","max-image-preview":"max-image-preview:large","max-video-preview":"max-video-preview:-1"},"canonical":"https:\/\/leudineshop.com\/en\/shop\/healthy-feet\/","og_locale":"en_US","og_type":"article","og_title":"Healthy Feet Gel antihongos - Leudine Shop","og_description":"Este potente gel es la soluci\u00f3n definitiva para los hongos en las u\u00f1as de los pies gracias a la acci\u00f3n del a\u0301cido undecile\u0301nico.","og_url":"https:\/\/leudineshop.com\/en\/shop\/healthy-feet\/","og_site_name":"Leudine Shop","article_publisher":"https:\/\/www.facebook.com\/LeudineUSAOfficial","article_modified_time":"2024-12-04T05:41:14+00:00","og_image":[{"width":961,"height":1097,"url":"https:\/\/leudineshop.com\/wp-content\/uploads\/2021\/10\/HealthyFeet-1.png","type":"image\/png"}],"twitter_card":"summary_large_image","twitter_misc":{"Est. reading time":"1 minute"},"schema":{"@context":"https:\/\/schema.org","@graph":[{"@type":"WebPage","@id":"https:\/\/leudineshop.com\/shop\/healthy-feet\/","url":"https:\/\/leudineshop.com\/shop\/healthy-feet\/","name":"Healthy Feet Gel antihongos - Leudine Shop","isPartOf":{"@id":"https:\/\/leudineshop.com\/#website"},"primaryImageOfPage":{"@id":"https:\/\/leudineshop.com\/shop\/healthy-feet\/#primaryimage"},"image":{"@id":"https:\/\/leudineshop.com\/shop\/healthy-feet\/#primaryimage"},"thumbnailUrl":"https:\/\/leudineshop.com\/wp-content\/uploads\/2021\/10\/HealthyFeet-1.png","datePublished":"2021-10-21T13:21:09+00:00","dateModified":"2024-12-04T05:41:14+00:00","description":"Este potente gel es la soluci\u00f3n definitiva para los hongos en las u\u00f1as de los pies gracias a la acci\u00f3n del a\u0301cido undecile\u0301nico.","breadcrumb":{"@id":"https:\/\/leudineshop.com\/shop\/healthy-feet\/#breadcrumb"},"inLanguage":"en-US","potentialAction":[{"@type":"ReadAction","target":["https:\/\/leudineshop.com\/shop\/healthy-feet\/"]}]},{"@type":"ImageObject","inLanguage":"en-US","@id":"https:\/\/leudineshop.com\/shop\/healthy-feet\/#primaryimage","url":"https:\/\/leudineshop.com\/wp-content\/uploads\/2021\/10\/HealthyFeet-1.png","contentUrl":"https:\/\/leudineshop.com\/wp-content\/uploads\/2021\/10\/HealthyFeet-1.png","width":961,"height":1097},{"@type":"BreadcrumbList","@id":"https:\/\/leudineshop.com\/shop\/healthy-feet\/#breadcrumb","itemListElement":[{"@type":"ListItem","position":1,"name":"Portada","item":"https:\/\/leudineshop.com\/"},{"@type":"ListItem","position":2,"name":"Shop","item":"https:\/\/leudineshop.com\/bienestar-natural\/"},{"@type":"ListItem","position":3,"name":"Healthy Feet Gel antihongos"}]},{"@type":"WebSite","@id":"https:\/\/leudineshop.com\/#website","url":"https:\/\/leudineshop.com\/","name":"Leudine Shop","description":"Productos de salud, belleza y bienestar natural","publisher":{"@id":"https:\/\/leudineshop.com\/#organization"},"alternateName":"Tienda Leudine","potentialAction":[{"@type":"SearchAction","target":{"@type":"EntryPoint","urlTemplate":"https:\/\/leudineshop.com\/?s={search_term_string}"},"query-input":{"@type":"PropertyValueSpecification","valueRequired":true,"valueName":"search_term_string"}}],"inLanguage":"en-US"},{"@type":"Organization","@id":"https:\/\/leudineshop.com\/#organization","name":"Leudine USA","url":"https:\/\/leudineshop.com\/","logo":{"@type":"ImageObject","inLanguage":"en-US","@id":"https:\/\/leudineshop.com\/#\/schema\/logo\/image\/","url":"https:\/\/leudineshop.com\/wp-content\/uploads\/2024\/06\/LOGO.jpg","contentUrl":"https:\/\/leudineshop.com\/wp-content\/uploads\/2024\/06\/LOGO.jpg","width":800,"height":791,"caption":"Leudine USA"},"image":{"@id":"https:\/\/leudineshop.com\/#\/schema\/logo\/image\/"},"sameAs":["https:\/\/www.facebook.com\/LeudineUSAOfficial","https:\/\/www.instagram.com\/leudineusaoficial\/"]}]}},"jetpack_sharing_enabled":true,"_links":{"self":[{"href":"https:\/\/leudineshop.com\/en\/wp-json\/wp\/v2\/product\/2774","targetHints":{"allow":["GET"]}}],"collection":[{"href":"https:\/\/leudineshop.com\/en\/wp-json\/wp\/v2\/product"}],"about":[{"href":"https:\/\/leudineshop.com\/en\/wp-json\/wp\/v2\/types\/product"}],"replies":[{"embeddable":true,"href":"https:\/\/leudineshop.com\/en\/wp-json\/wp\/v2\/comments?post=2774"}],"wp:featuredmedia":[{"embeddable":true,"href":"https:\/\/leudineshop.com\/en\/wp-json\/wp\/v2\/media\/3401"}],"wp:attachment":[{"href":"https:\/\/leudineshop.com\/en\/wp-json\/wp\/v2\/media?parent=2774"}],"wp:term":[{"taxonomy":"product_brand","embeddable":true,"href":"https:\/\/leudineshop.com\/en\/wp-json\/wp\/v2\/product_brand?post=2774"},{"taxonomy":"product_cat","embeddable":true,"href":"https:\/\/leudineshop.com\/en\/wp-json\/wp\/v2\/product_cat?post=2774"},{"taxonomy":"product_tag","embeddable":true,"href":"https:\/\/leudineshop.com\/en\/wp-json\/wp\/v2\/product_tag?post=2774"}],"curies":[{"name":"wp","href":"https:\/\/api.w.org\/{rel}","templated":true}]}}