{"id":2776,"date":"2021-10-21T13:26:01","date_gmt":"2021-10-21T13:26:01","guid":{"rendered":"https:\/\/leudineshop.com\/?post_type=product&#038;p=2776"},"modified":"2024-12-05T18:09:32","modified_gmt":"2024-12-05T18:09:32","slug":"tea-tree-oil","status":"publish","type":"product","link":"https:\/\/leudineshop.com\/en\/shop\/tea-tree-oil\/","title":{"rendered":"Tea Tree Oil"},"content":{"rendered":"<div class=\"page\" title=\"Page 11\">\n<div class=\"section\">\n<div class=\"layoutArea\">\n<div class=\"column\">\n<div class=\"page\" title=\"Page 11\">\n<div class=\"section\">\n<div class=\"layoutArea\">\n<div class=\"column\">\n<div class=\"page\" title=\"Page 11\">\n<div class=\"section\">\n<div class=\"layoutArea\">\n<div class=\"column\">\n<p>El aceite esencial indispensable en tu botiqu\u00edn de primeros auxilios. Altamente eficaz para tratar el acn\u00e9, los hongos en las u\u00f1as, las picaduras de insectos, lesiones infecciosas de la piel, as\u00ed como para detener el sangrado. Regenera, protege y ayuda a mejorar molestias o condiciones de la piel.<\/p>\n<p>MODE OF USE<\/p>\n<p>It can be used in sitz baths, to make inhalations or by applying warm water compresses. In case of hair loss, you can add a few drops to the shampoo.<\/p>\n<div class=\"page\" title=\"Page 11\">\n<div class=\"section\">\n<div class=\"layoutArea\">\n<div class=\"column\">\n<p>INGREDIENTS<\/p>\n<p>Tea Tree Oil or Melaleuca and Chamomile oil.<\/p>\n<\/div>\n<\/div>\n<\/div>\n<\/div>\n<\/div>\n<\/div>\n<\/div>\n<\/div>\n<\/div>\n<\/div>\n<\/div>\n<\/div>\n<\/div>\n<\/div>\n<\/div>\n<\/div>","protected":false},"excerpt":{"rendered":"<p>El aceite esencial indispensable en tu botiqu\u00edn de primeros auxilios. Altamente eficaz para tratar el acn\u00e9, los hongos en las u\u00f1as, las picaduras de insectos, lesiones infecciosas de la piel, as\u00ed como para detener el sangrado. Regenera, protege y ayuda a mejorar molestias o condiciones de la piel.<\/p>","protected":false},"featured_media":2777,"comment_status":"open","ping_status":"closed","template":"","meta":{"_coblocks_attr":"","_coblocks_dimensions":"","_coblocks_responsive_height":"","_coblocks_accordion_ie_support":""},"product_brand":[],"product_cat":[81],"product_tag":[101,100],"class_list":{"0":"post-2776","1":"product","2":"type-product","3":"status-publish","4":"has-post-thumbnail","6":"product_cat-aromaterapia","7":"product_tag-aceite-te-de-arbol","8":"product_tag-tea-tree","9":"pa_brands-fablemane","11":"first","12":"instock","13":"taxable","14":"shipping-taxable","15":"purchasable","16":"product-type-simple"},"yoast_head":"<!-- This site is optimized with the Yoast SEO plugin v27.4 - https:\/\/yoast.com\/product\/yoast-seo-wordpress\/ -->\n<title>Tea Tree Oil - Leudine Shop<\/title>\n<meta name=\"description\" content=\"El aceite esencial indispensable en tu botiqu\u00edn de primeros auxilios. Efecto antibacteriano, antiviral, antihongos, cicatrizante y repelente de insectos.\" \/>\n<meta name=\"robots\" content=\"index, follow, max-snippet:-1, max-image-preview:large, max-video-preview:-1\" \/>\n<link rel=\"canonical\" href=\"https:\/\/leudineshop.com\/en\/shop\/tea-tree-oil\/\" \/>\n<meta property=\"og:locale\" content=\"en_US\" \/>\n<meta property=\"og:type\" content=\"article\" \/>\n<meta property=\"og:title\" content=\"Tea Tree Oil - Leudine Shop\" \/>\n<meta property=\"og:description\" content=\"El aceite esencial indispensable en tu botiqu\u00edn de primeros auxilios. Efecto antibacteriano, antiviral, antihongos, cicatrizante y repelente de insectos.\" \/>\n<meta property=\"og:url\" content=\"https:\/\/leudineshop.com\/en\/shop\/tea-tree-oil\/\" \/>\n<meta property=\"og:site_name\" content=\"Leudine Shop\" \/>\n<meta property=\"article:publisher\" content=\"https:\/\/www.facebook.com\/LeudineUSAOfficial\" \/>\n<meta property=\"article:modified_time\" content=\"2024-12-05T18:09:32+00:00\" \/>\n<meta property=\"og:image\" content=\"https:\/\/leudineshop.com\/wp-content\/uploads\/2021\/10\/Producto-Tea-tree.jpg\" \/>\n\t<meta property=\"og:image:width\" content=\"1200\" \/>\n\t<meta property=\"og:image:height\" content=\"1200\" \/>\n\t<meta property=\"og:image:type\" content=\"image\/jpeg\" \/>\n<meta name=\"twitter:card\" content=\"summary_large_image\" \/>\n<meta name=\"twitter:label1\" content=\"Est. reading time\" \/>\n\t<meta name=\"twitter:data1\" content=\"1 minute\" \/>\n<script type=\"application\/ld+json\" class=\"yoast-schema-graph\">{\"@context\":\"https:\\\/\\\/schema.org\",\"@graph\":[{\"@type\":\"WebPage\",\"@id\":\"https:\\\/\\\/leudineshop.com\\\/shop\\\/tea-tree-oil\\\/\",\"url\":\"https:\\\/\\\/leudineshop.com\\\/shop\\\/tea-tree-oil\\\/\",\"name\":\"Tea Tree Oil - Leudine Shop\",\"isPartOf\":{\"@id\":\"https:\\\/\\\/leudineshop.com\\\/#website\"},\"primaryImageOfPage\":{\"@id\":\"https:\\\/\\\/leudineshop.com\\\/shop\\\/tea-tree-oil\\\/#primaryimage\"},\"image\":{\"@id\":\"https:\\\/\\\/leudineshop.com\\\/shop\\\/tea-tree-oil\\\/#primaryimage\"},\"thumbnailUrl\":\"https:\\\/\\\/leudineshop.com\\\/wp-content\\\/uploads\\\/2021\\\/10\\\/Producto-Tea-tree.jpg\",\"datePublished\":\"2021-10-21T13:26:01+00:00\",\"dateModified\":\"2024-12-05T18:09:32+00:00\",\"description\":\"El aceite esencial indispensable en tu botiqu\u00edn de primeros auxilios. Efecto antibacteriano, antiviral, antihongos, cicatrizante y repelente de insectos.\",\"breadcrumb\":{\"@id\":\"https:\\\/\\\/leudineshop.com\\\/shop\\\/tea-tree-oil\\\/#breadcrumb\"},\"inLanguage\":\"en-US\",\"potentialAction\":[{\"@type\":\"ReadAction\",\"target\":[\"https:\\\/\\\/leudineshop.com\\\/shop\\\/tea-tree-oil\\\/\"]}]},{\"@type\":\"ImageObject\",\"inLanguage\":\"en-US\",\"@id\":\"https:\\\/\\\/leudineshop.com\\\/shop\\\/tea-tree-oil\\\/#primaryimage\",\"url\":\"https:\\\/\\\/leudineshop.com\\\/wp-content\\\/uploads\\\/2021\\\/10\\\/Producto-Tea-tree.jpg\",\"contentUrl\":\"https:\\\/\\\/leudineshop.com\\\/wp-content\\\/uploads\\\/2021\\\/10\\\/Producto-Tea-tree.jpg\",\"width\":1200,\"height\":1200,\"caption\":\"tea tree leudine - Aceites para aromaterapia\"},{\"@type\":\"BreadcrumbList\",\"@id\":\"https:\\\/\\\/leudineshop.com\\\/shop\\\/tea-tree-oil\\\/#breadcrumb\",\"itemListElement\":[{\"@type\":\"ListItem\",\"position\":1,\"name\":\"Portada\",\"item\":\"https:\\\/\\\/leudineshop.com\\\/\"},{\"@type\":\"ListItem\",\"position\":2,\"name\":\"Shop\",\"item\":\"https:\\\/\\\/leudineshop.com\\\/bienestar-natural\\\/\"},{\"@type\":\"ListItem\",\"position\":3,\"name\":\"Tea Tree Oil\"}]},{\"@type\":\"WebSite\",\"@id\":\"https:\\\/\\\/leudineshop.com\\\/#website\",\"url\":\"https:\\\/\\\/leudineshop.com\\\/\",\"name\":\"Leudine Shop\",\"description\":\"Productos de salud, belleza y bienestar natural\",\"publisher\":{\"@id\":\"https:\\\/\\\/leudineshop.com\\\/#organization\"},\"alternateName\":\"Tienda Leudine\",\"potentialAction\":[{\"@type\":\"SearchAction\",\"target\":{\"@type\":\"EntryPoint\",\"urlTemplate\":\"https:\\\/\\\/leudineshop.com\\\/?s={search_term_string}\"},\"query-input\":{\"@type\":\"PropertyValueSpecification\",\"valueRequired\":true,\"valueName\":\"search_term_string\"}}],\"inLanguage\":\"en-US\"},{\"@type\":\"Organization\",\"@id\":\"https:\\\/\\\/leudineshop.com\\\/#organization\",\"name\":\"Leudine USA\",\"url\":\"https:\\\/\\\/leudineshop.com\\\/\",\"logo\":{\"@type\":\"ImageObject\",\"inLanguage\":\"en-US\",\"@id\":\"https:\\\/\\\/leudineshop.com\\\/#\\\/schema\\\/logo\\\/image\\\/\",\"url\":\"https:\\\/\\\/leudineshop.com\\\/wp-content\\\/uploads\\\/2024\\\/06\\\/LOGO.jpg\",\"contentUrl\":\"https:\\\/\\\/leudineshop.com\\\/wp-content\\\/uploads\\\/2024\\\/06\\\/LOGO.jpg\",\"width\":800,\"height\":791,\"caption\":\"Leudine USA\"},\"image\":{\"@id\":\"https:\\\/\\\/leudineshop.com\\\/#\\\/schema\\\/logo\\\/image\\\/\"},\"sameAs\":[\"https:\\\/\\\/www.facebook.com\\\/LeudineUSAOfficial\",\"https:\\\/\\\/www.instagram.com\\\/leudineusaoficial\\\/\"]}]}<\/script>\n<!-- \/ Yoast SEO plugin. -->","yoast_head_json":{"title":"Tea Tree Oil - Leudine Shop","description":"El aceite esencial indispensable en tu botiqu\u00edn de primeros auxilios. Efecto antibacteriano, antiviral, antihongos, cicatrizante y repelente de insectos.","robots":{"index":"index","follow":"follow","max-snippet":"max-snippet:-1","max-image-preview":"max-image-preview:large","max-video-preview":"max-video-preview:-1"},"canonical":"https:\/\/leudineshop.com\/en\/shop\/tea-tree-oil\/","og_locale":"en_US","og_type":"article","og_title":"Tea Tree Oil - Leudine Shop","og_description":"El aceite esencial indispensable en tu botiqu\u00edn de primeros auxilios. Efecto antibacteriano, antiviral, antihongos, cicatrizante y repelente de insectos.","og_url":"https:\/\/leudineshop.com\/en\/shop\/tea-tree-oil\/","og_site_name":"Leudine Shop","article_publisher":"https:\/\/www.facebook.com\/LeudineUSAOfficial","article_modified_time":"2024-12-05T18:09:32+00:00","og_image":[{"width":1200,"height":1200,"url":"https:\/\/leudineshop.com\/wp-content\/uploads\/2021\/10\/Producto-Tea-tree.jpg","type":"image\/jpeg"}],"twitter_card":"summary_large_image","twitter_misc":{"Est. reading time":"1 minute"},"schema":{"@context":"https:\/\/schema.org","@graph":[{"@type":"WebPage","@id":"https:\/\/leudineshop.com\/shop\/tea-tree-oil\/","url":"https:\/\/leudineshop.com\/shop\/tea-tree-oil\/","name":"Tea Tree Oil - Leudine Shop","isPartOf":{"@id":"https:\/\/leudineshop.com\/#website"},"primaryImageOfPage":{"@id":"https:\/\/leudineshop.com\/shop\/tea-tree-oil\/#primaryimage"},"image":{"@id":"https:\/\/leudineshop.com\/shop\/tea-tree-oil\/#primaryimage"},"thumbnailUrl":"https:\/\/leudineshop.com\/wp-content\/uploads\/2021\/10\/Producto-Tea-tree.jpg","datePublished":"2021-10-21T13:26:01+00:00","dateModified":"2024-12-05T18:09:32+00:00","description":"El aceite esencial indispensable en tu botiqu\u00edn de primeros auxilios. Efecto antibacteriano, antiviral, antihongos, cicatrizante y repelente de insectos.","breadcrumb":{"@id":"https:\/\/leudineshop.com\/shop\/tea-tree-oil\/#breadcrumb"},"inLanguage":"en-US","potentialAction":[{"@type":"ReadAction","target":["https:\/\/leudineshop.com\/shop\/tea-tree-oil\/"]}]},{"@type":"ImageObject","inLanguage":"en-US","@id":"https:\/\/leudineshop.com\/shop\/tea-tree-oil\/#primaryimage","url":"https:\/\/leudineshop.com\/wp-content\/uploads\/2021\/10\/Producto-Tea-tree.jpg","contentUrl":"https:\/\/leudineshop.com\/wp-content\/uploads\/2021\/10\/Producto-Tea-tree.jpg","width":1200,"height":1200,"caption":"tea tree leudine - Aceites para aromaterapia"},{"@type":"BreadcrumbList","@id":"https:\/\/leudineshop.com\/shop\/tea-tree-oil\/#breadcrumb","itemListElement":[{"@type":"ListItem","position":1,"name":"Portada","item":"https:\/\/leudineshop.com\/"},{"@type":"ListItem","position":2,"name":"Shop","item":"https:\/\/leudineshop.com\/bienestar-natural\/"},{"@type":"ListItem","position":3,"name":"Tea Tree Oil"}]},{"@type":"WebSite","@id":"https:\/\/leudineshop.com\/#website","url":"https:\/\/leudineshop.com\/","name":"Leudine Shop","description":"Productos de salud, belleza y bienestar natural","publisher":{"@id":"https:\/\/leudineshop.com\/#organization"},"alternateName":"Tienda Leudine","potentialAction":[{"@type":"SearchAction","target":{"@type":"EntryPoint","urlTemplate":"https:\/\/leudineshop.com\/?s={search_term_string}"},"query-input":{"@type":"PropertyValueSpecification","valueRequired":true,"valueName":"search_term_string"}}],"inLanguage":"en-US"},{"@type":"Organization","@id":"https:\/\/leudineshop.com\/#organization","name":"Leudine USA","url":"https:\/\/leudineshop.com\/","logo":{"@type":"ImageObject","inLanguage":"en-US","@id":"https:\/\/leudineshop.com\/#\/schema\/logo\/image\/","url":"https:\/\/leudineshop.com\/wp-content\/uploads\/2024\/06\/LOGO.jpg","contentUrl":"https:\/\/leudineshop.com\/wp-content\/uploads\/2024\/06\/LOGO.jpg","width":800,"height":791,"caption":"Leudine USA"},"image":{"@id":"https:\/\/leudineshop.com\/#\/schema\/logo\/image\/"},"sameAs":["https:\/\/www.facebook.com\/LeudineUSAOfficial","https:\/\/www.instagram.com\/leudineusaoficial\/"]}]}},"jetpack_sharing_enabled":true,"_links":{"self":[{"href":"https:\/\/leudineshop.com\/en\/wp-json\/wp\/v2\/product\/2776","targetHints":{"allow":["GET"]}}],"collection":[{"href":"https:\/\/leudineshop.com\/en\/wp-json\/wp\/v2\/product"}],"about":[{"href":"https:\/\/leudineshop.com\/en\/wp-json\/wp\/v2\/types\/product"}],"replies":[{"embeddable":true,"href":"https:\/\/leudineshop.com\/en\/wp-json\/wp\/v2\/comments?post=2776"}],"wp:featuredmedia":[{"embeddable":true,"href":"https:\/\/leudineshop.com\/en\/wp-json\/wp\/v2\/media\/2777"}],"wp:attachment":[{"href":"https:\/\/leudineshop.com\/en\/wp-json\/wp\/v2\/media?parent=2776"}],"wp:term":[{"taxonomy":"product_brand","embeddable":true,"href":"https:\/\/leudineshop.com\/en\/wp-json\/wp\/v2\/product_brand?post=2776"},{"taxonomy":"product_cat","embeddable":true,"href":"https:\/\/leudineshop.com\/en\/wp-json\/wp\/v2\/product_cat?post=2776"},{"taxonomy":"product_tag","embeddable":true,"href":"https:\/\/leudineshop.com\/en\/wp-json\/wp\/v2\/product_tag?post=2776"}],"curies":[{"name":"wp","href":"https:\/\/api.w.org\/{rel}","templated":true}]}}