{"id":2787,"date":"2021-10-21T13:48:24","date_gmt":"2021-10-21T13:48:24","guid":{"rendered":"https:\/\/leudineshop.com\/?post_type=product&#038;p=2787"},"modified":"2024-11-25T00:25:03","modified_gmt":"2024-11-25T00:25:03","slug":"redugel-plus","status":"publish","type":"product","link":"https:\/\/leudineshop.com\/en\/shop\/redugel-plus\/","title":{"rendered":"Redugel Plus"},"content":{"rendered":"<div class=\"page\" title=\"Page 18\">\n<div class=\"section\">\n<div class=\"layoutArea\">\n<div class=\"column\">\n<p>Use the Redugel Plus to improve the appearance of the skin in the areas where you want to perfect the contour of your silhouette. It acts in depth, improving the wavy appearance of the skin, leaving it smoother, firmer, and silkier.<\/p>\n<p>MODE OF USE<\/p>\n<p>Apply a generous amount of Redugel Plus twice a day to the desired areas and massage with upward circular movements.<\/p>\n<div class=\"page\" title=\"Page 18\">\n<div class=\"section\">\n<div class=\"layoutArea\">\n<div class=\"column\">\n<p>It works with the natural heat of the body. No wraps or girdles are required.<\/p>\n<p>TIPS:<\/p>\n<p>It is quickly absorbed and does not stain clothes.<\/p>\n<p>INGREDIENTS<\/p>\n<p>Centella Asiatica extract, glycerin, seaweed, and horsetail.<\/p>\n<\/div>\n<\/div>\n<\/div>\n<\/div>\n<\/div>\n<\/div>\n<\/div>\n<\/div>","protected":false},"excerpt":{"rendered":"<div class=\"page\" title=\"Page 17\">\n<div class=\"section\">\n<div class=\"layoutArea\">\n<div class=\"column\">\n<p>Use the Redugel Plus to improve the appearance of the skin in the areas where you want to perfect the contour of your silhouette. It acts in depth, improving the wavy appearance of the skin, leaving it smoother, firmer, and silkier.<\/p>\n<\/div>\n<\/div>\n<\/div>\n<\/div>","protected":false},"featured_media":2788,"comment_status":"open","ping_status":"closed","template":"","meta":{"_coblocks_attr":"","_coblocks_dimensions":"","_coblocks_responsive_height":"","_coblocks_accordion_ie_support":""},"product_brand":[],"product_cat":[82],"product_tag":[110],"class_list":{"0":"post-2787","1":"product","2":"type-product","3":"status-publish","4":"has-post-thumbnail","6":"product_cat-bioterapia","7":"product_tag-redugel","8":"pa_brands-fablemane","10":"first","11":"instock","12":"featured","13":"taxable","14":"shipping-taxable","15":"purchasable","16":"product-type-simple"},"yoast_head":"<!-- This site is optimized with the Yoast SEO plugin v27.4 - https:\/\/yoast.com\/product\/yoast-seo-wordpress\/ -->\n<title>Redugel Plus - Leudine Shop<\/title>\n<meta name=\"robots\" content=\"index, follow, max-snippet:-1, max-image-preview:large, max-video-preview:-1\" \/>\n<link rel=\"canonical\" href=\"https:\/\/leudineshop.com\/en\/shop\/redugel-plus\/\" \/>\n<meta property=\"og:locale\" content=\"en_US\" \/>\n<meta property=\"og:type\" content=\"article\" \/>\n<meta property=\"og:title\" content=\"Redugel Plus - Leudine Shop\" \/>\n<meta property=\"og:description\" content=\"Usa el Redugel Plus para mejorar la apariencia de la piel en las \u00e1reas donde quieras perfeccionar el contorno de tu silueta. Act\u00faa en profundidad mejorando el aspecto ondulado de la piel dej\u00e1ndola m\u00e1s lisa, firme y sedosa.\" \/>\n<meta property=\"og:url\" content=\"https:\/\/leudineshop.com\/en\/shop\/redugel-plus\/\" \/>\n<meta property=\"og:site_name\" content=\"Leudine Shop\" \/>\n<meta property=\"article:publisher\" content=\"https:\/\/www.facebook.com\/LeudineUSAOfficial\" \/>\n<meta property=\"article:modified_time\" content=\"2024-11-25T00:25:03+00:00\" \/>\n<meta property=\"og:image\" content=\"https:\/\/leudineshop.com\/wp-content\/uploads\/2021\/10\/Producto-redugel.jpg\" \/>\n\t<meta property=\"og:image:width\" content=\"1200\" \/>\n\t<meta property=\"og:image:height\" content=\"1200\" \/>\n\t<meta property=\"og:image:type\" content=\"image\/jpeg\" \/>\n<meta name=\"twitter:card\" content=\"summary_large_image\" \/>\n<meta name=\"twitter:label1\" content=\"Est. reading time\" \/>\n\t<meta name=\"twitter:data1\" content=\"1 minute\" \/>\n<script type=\"application\/ld+json\" class=\"yoast-schema-graph\">{\"@context\":\"https:\\\/\\\/schema.org\",\"@graph\":[{\"@type\":\"WebPage\",\"@id\":\"https:\\\/\\\/leudineshop.com\\\/shop\\\/redugel-plus\\\/\",\"url\":\"https:\\\/\\\/leudineshop.com\\\/shop\\\/redugel-plus\\\/\",\"name\":\"Redugel Plus - Leudine Shop\",\"isPartOf\":{\"@id\":\"https:\\\/\\\/leudineshop.com\\\/#website\"},\"primaryImageOfPage\":{\"@id\":\"https:\\\/\\\/leudineshop.com\\\/shop\\\/redugel-plus\\\/#primaryimage\"},\"image\":{\"@id\":\"https:\\\/\\\/leudineshop.com\\\/shop\\\/redugel-plus\\\/#primaryimage\"},\"thumbnailUrl\":\"https:\\\/\\\/leudineshop.com\\\/wp-content\\\/uploads\\\/2021\\\/10\\\/Producto-redugel.jpg\",\"datePublished\":\"2021-10-21T13:48:24+00:00\",\"dateModified\":\"2024-11-25T00:25:03+00:00\",\"breadcrumb\":{\"@id\":\"https:\\\/\\\/leudineshop.com\\\/shop\\\/redugel-plus\\\/#breadcrumb\"},\"inLanguage\":\"en-US\",\"potentialAction\":[{\"@type\":\"ReadAction\",\"target\":[\"https:\\\/\\\/leudineshop.com\\\/shop\\\/redugel-plus\\\/\"]}]},{\"@type\":\"ImageObject\",\"inLanguage\":\"en-US\",\"@id\":\"https:\\\/\\\/leudineshop.com\\\/shop\\\/redugel-plus\\\/#primaryimage\",\"url\":\"https:\\\/\\\/leudineshop.com\\\/wp-content\\\/uploads\\\/2021\\\/10\\\/Producto-redugel.jpg\",\"contentUrl\":\"https:\\\/\\\/leudineshop.com\\\/wp-content\\\/uploads\\\/2021\\\/10\\\/Producto-redugel.jpg\",\"width\":1200,\"height\":1200,\"caption\":\"redugel leudine - Productos bioterapia\"},{\"@type\":\"BreadcrumbList\",\"@id\":\"https:\\\/\\\/leudineshop.com\\\/shop\\\/redugel-plus\\\/#breadcrumb\",\"itemListElement\":[{\"@type\":\"ListItem\",\"position\":1,\"name\":\"Portada\",\"item\":\"https:\\\/\\\/leudineshop.com\\\/\"},{\"@type\":\"ListItem\",\"position\":2,\"name\":\"Shop\",\"item\":\"https:\\\/\\\/leudineshop.com\\\/bienestar-natural\\\/\"},{\"@type\":\"ListItem\",\"position\":3,\"name\":\"Redugel Plus\"}]},{\"@type\":\"WebSite\",\"@id\":\"https:\\\/\\\/leudineshop.com\\\/#website\",\"url\":\"https:\\\/\\\/leudineshop.com\\\/\",\"name\":\"Leudine Shop\",\"description\":\"Productos de salud, belleza y bienestar natural\",\"publisher\":{\"@id\":\"https:\\\/\\\/leudineshop.com\\\/#organization\"},\"alternateName\":\"Tienda Leudine\",\"potentialAction\":[{\"@type\":\"SearchAction\",\"target\":{\"@type\":\"EntryPoint\",\"urlTemplate\":\"https:\\\/\\\/leudineshop.com\\\/?s={search_term_string}\"},\"query-input\":{\"@type\":\"PropertyValueSpecification\",\"valueRequired\":true,\"valueName\":\"search_term_string\"}}],\"inLanguage\":\"en-US\"},{\"@type\":\"Organization\",\"@id\":\"https:\\\/\\\/leudineshop.com\\\/#organization\",\"name\":\"Leudine USA\",\"url\":\"https:\\\/\\\/leudineshop.com\\\/\",\"logo\":{\"@type\":\"ImageObject\",\"inLanguage\":\"en-US\",\"@id\":\"https:\\\/\\\/leudineshop.com\\\/#\\\/schema\\\/logo\\\/image\\\/\",\"url\":\"https:\\\/\\\/leudineshop.com\\\/wp-content\\\/uploads\\\/2024\\\/06\\\/LOGO.jpg\",\"contentUrl\":\"https:\\\/\\\/leudineshop.com\\\/wp-content\\\/uploads\\\/2024\\\/06\\\/LOGO.jpg\",\"width\":800,\"height\":791,\"caption\":\"Leudine USA\"},\"image\":{\"@id\":\"https:\\\/\\\/leudineshop.com\\\/#\\\/schema\\\/logo\\\/image\\\/\"},\"sameAs\":[\"https:\\\/\\\/www.facebook.com\\\/LeudineUSAOfficial\",\"https:\\\/\\\/www.instagram.com\\\/leudineusaoficial\\\/\"]}]}<\/script>\n<!-- \/ Yoast SEO plugin. -->","yoast_head_json":{"title":"Redugel Plus - Leudine Shop","robots":{"index":"index","follow":"follow","max-snippet":"max-snippet:-1","max-image-preview":"max-image-preview:large","max-video-preview":"max-video-preview:-1"},"canonical":"https:\/\/leudineshop.com\/en\/shop\/redugel-plus\/","og_locale":"en_US","og_type":"article","og_title":"Redugel Plus - Leudine Shop","og_description":"Usa el Redugel Plus para mejorar la apariencia de la piel en las \u00e1reas donde quieras perfeccionar el contorno de tu silueta. Act\u00faa en profundidad mejorando el aspecto ondulado de la piel dej\u00e1ndola m\u00e1s lisa, firme y sedosa.","og_url":"https:\/\/leudineshop.com\/en\/shop\/redugel-plus\/","og_site_name":"Leudine Shop","article_publisher":"https:\/\/www.facebook.com\/LeudineUSAOfficial","article_modified_time":"2024-11-25T00:25:03+00:00","og_image":[{"width":1200,"height":1200,"url":"https:\/\/leudineshop.com\/wp-content\/uploads\/2021\/10\/Producto-redugel.jpg","type":"image\/jpeg"}],"twitter_card":"summary_large_image","twitter_misc":{"Est. reading time":"1 minute"},"schema":{"@context":"https:\/\/schema.org","@graph":[{"@type":"WebPage","@id":"https:\/\/leudineshop.com\/shop\/redugel-plus\/","url":"https:\/\/leudineshop.com\/shop\/redugel-plus\/","name":"Redugel Plus - Leudine Shop","isPartOf":{"@id":"https:\/\/leudineshop.com\/#website"},"primaryImageOfPage":{"@id":"https:\/\/leudineshop.com\/shop\/redugel-plus\/#primaryimage"},"image":{"@id":"https:\/\/leudineshop.com\/shop\/redugel-plus\/#primaryimage"},"thumbnailUrl":"https:\/\/leudineshop.com\/wp-content\/uploads\/2021\/10\/Producto-redugel.jpg","datePublished":"2021-10-21T13:48:24+00:00","dateModified":"2024-11-25T00:25:03+00:00","breadcrumb":{"@id":"https:\/\/leudineshop.com\/shop\/redugel-plus\/#breadcrumb"},"inLanguage":"en-US","potentialAction":[{"@type":"ReadAction","target":["https:\/\/leudineshop.com\/shop\/redugel-plus\/"]}]},{"@type":"ImageObject","inLanguage":"en-US","@id":"https:\/\/leudineshop.com\/shop\/redugel-plus\/#primaryimage","url":"https:\/\/leudineshop.com\/wp-content\/uploads\/2021\/10\/Producto-redugel.jpg","contentUrl":"https:\/\/leudineshop.com\/wp-content\/uploads\/2021\/10\/Producto-redugel.jpg","width":1200,"height":1200,"caption":"redugel leudine - Productos bioterapia"},{"@type":"BreadcrumbList","@id":"https:\/\/leudineshop.com\/shop\/redugel-plus\/#breadcrumb","itemListElement":[{"@type":"ListItem","position":1,"name":"Portada","item":"https:\/\/leudineshop.com\/"},{"@type":"ListItem","position":2,"name":"Shop","item":"https:\/\/leudineshop.com\/bienestar-natural\/"},{"@type":"ListItem","position":3,"name":"Redugel Plus"}]},{"@type":"WebSite","@id":"https:\/\/leudineshop.com\/#website","url":"https:\/\/leudineshop.com\/","name":"Leudine Shop","description":"Productos de salud, belleza y bienestar natural","publisher":{"@id":"https:\/\/leudineshop.com\/#organization"},"alternateName":"Tienda Leudine","potentialAction":[{"@type":"SearchAction","target":{"@type":"EntryPoint","urlTemplate":"https:\/\/leudineshop.com\/?s={search_term_string}"},"query-input":{"@type":"PropertyValueSpecification","valueRequired":true,"valueName":"search_term_string"}}],"inLanguage":"en-US"},{"@type":"Organization","@id":"https:\/\/leudineshop.com\/#organization","name":"Leudine USA","url":"https:\/\/leudineshop.com\/","logo":{"@type":"ImageObject","inLanguage":"en-US","@id":"https:\/\/leudineshop.com\/#\/schema\/logo\/image\/","url":"https:\/\/leudineshop.com\/wp-content\/uploads\/2024\/06\/LOGO.jpg","contentUrl":"https:\/\/leudineshop.com\/wp-content\/uploads\/2024\/06\/LOGO.jpg","width":800,"height":791,"caption":"Leudine USA"},"image":{"@id":"https:\/\/leudineshop.com\/#\/schema\/logo\/image\/"},"sameAs":["https:\/\/www.facebook.com\/LeudineUSAOfficial","https:\/\/www.instagram.com\/leudineusaoficial\/"]}]}},"jetpack_sharing_enabled":true,"_links":{"self":[{"href":"https:\/\/leudineshop.com\/en\/wp-json\/wp\/v2\/product\/2787","targetHints":{"allow":["GET"]}}],"collection":[{"href":"https:\/\/leudineshop.com\/en\/wp-json\/wp\/v2\/product"}],"about":[{"href":"https:\/\/leudineshop.com\/en\/wp-json\/wp\/v2\/types\/product"}],"replies":[{"embeddable":true,"href":"https:\/\/leudineshop.com\/en\/wp-json\/wp\/v2\/comments?post=2787"}],"wp:featuredmedia":[{"embeddable":true,"href":"https:\/\/leudineshop.com\/en\/wp-json\/wp\/v2\/media\/2788"}],"wp:attachment":[{"href":"https:\/\/leudineshop.com\/en\/wp-json\/wp\/v2\/media?parent=2787"}],"wp:term":[{"taxonomy":"product_brand","embeddable":true,"href":"https:\/\/leudineshop.com\/en\/wp-json\/wp\/v2\/product_brand?post=2787"},{"taxonomy":"product_cat","embeddable":true,"href":"https:\/\/leudineshop.com\/en\/wp-json\/wp\/v2\/product_cat?post=2787"},{"taxonomy":"product_tag","embeddable":true,"href":"https:\/\/leudineshop.com\/en\/wp-json\/wp\/v2\/product_tag?post=2787"}],"curies":[{"name":"wp","href":"https:\/\/api.w.org\/{rel}","templated":true}]}}