{"id":2904,"date":"2021-11-03T12:18:35","date_gmt":"2021-11-03T12:18:35","guid":{"rendered":"https:\/\/leudineshop.com\/?post_type=product&#038;p=2904"},"modified":"2024-11-25T00:24:59","modified_gmt":"2024-11-25T00:24:59","slug":"set-silueta","status":"publish","type":"product","link":"https:\/\/leudineshop.com\/en\/shop\/set-silueta\/","title":{"rendered":"Silhouette Set"},"content":{"rendered":"<p>Use the Redugel Plus to improve the appearance of the skin in the areas where you want to perfect the contour of your silhouette. It acts in depth, improving the wavy appearance of the skin, leaving it smoother, firmer, and silkier.<\/p>","protected":false},"excerpt":{"rendered":"<p>Use the Redugel Plus to improve the appearance of the skin in the areas where you want to perfect the contour of your silhouette. It acts in depth, improving the wavy appearance of the skin, leaving it smoother, firmer, and silkier.<\/p>","protected":false},"featured_media":2905,"comment_status":"open","ping_status":"closed","template":"","meta":{"_coblocks_attr":"","_coblocks_dimensions":"","_coblocks_responsive_height":"","_coblocks_accordion_ie_support":""},"product_brand":[],"product_cat":[154],"product_tag":[110,158],"class_list":{"0":"post-2904","1":"product","2":"type-product","3":"status-publish","4":"has-post-thumbnail","6":"product_cat-sets","7":"product_tag-redugel","8":"product_tag-set-silueta","10":"first","11":"instock","12":"taxable","13":"shipping-taxable","14":"purchasable","15":"product-type-simple"},"yoast_head":"<!-- This site is optimized with the Yoast SEO plugin v27.4 - https:\/\/yoast.com\/product\/yoast-seo-wordpress\/ -->\n<title>Set Silueta - Leudine Shop<\/title>\n<meta name=\"robots\" content=\"index, follow, max-snippet:-1, max-image-preview:large, max-video-preview:-1\" \/>\n<link rel=\"canonical\" href=\"https:\/\/leudineshop.com\/en\/shop\/set-silueta\/\" \/>\n<meta property=\"og:locale\" content=\"en_US\" \/>\n<meta property=\"og:type\" content=\"article\" \/>\n<meta property=\"og:title\" content=\"Set Silueta - Leudine Shop\" \/>\n<meta property=\"og:description\" content=\"Usa el Redugel Plus para mejorar la apariencia de la piel en las \u00e1reas donde quieras perfeccionar el contorno de tu silueta. Act\u00faa en profundidad mejorando el aspecto ondulado de la piel dej\u00e1ndola m\u00e1s lisa, firme y sedosa.\" \/>\n<meta property=\"og:url\" content=\"https:\/\/leudineshop.com\/en\/shop\/set-silueta\/\" \/>\n<meta property=\"og:site_name\" content=\"Leudine Shop\" \/>\n<meta property=\"article:publisher\" content=\"https:\/\/www.facebook.com\/LeudineUSAOfficial\" \/>\n<meta property=\"article:modified_time\" content=\"2024-11-25T00:24:59+00:00\" \/>\n<meta property=\"og:image\" content=\"https:\/\/leudineshop.com\/wp-content\/uploads\/2021\/11\/tratamiento-silueta-esbelta.png\" \/>\n\t<meta property=\"og:image:width\" content=\"1200\" \/>\n\t<meta property=\"og:image:height\" content=\"1200\" \/>\n\t<meta property=\"og:image:type\" content=\"image\/png\" \/>\n<meta name=\"twitter:card\" content=\"summary_large_image\" \/>\n<meta name=\"twitter:label1\" content=\"Est. reading time\" \/>\n\t<meta name=\"twitter:data1\" content=\"1 minute\" \/>\n<script type=\"application\/ld+json\" class=\"yoast-schema-graph\">{\"@context\":\"https:\\\/\\\/schema.org\",\"@graph\":[{\"@type\":\"WebPage\",\"@id\":\"https:\\\/\\\/leudineshop.com\\\/shop\\\/set-silueta\\\/\",\"url\":\"https:\\\/\\\/leudineshop.com\\\/shop\\\/set-silueta\\\/\",\"name\":\"Set Silueta - Leudine Shop\",\"isPartOf\":{\"@id\":\"https:\\\/\\\/leudineshop.com\\\/#website\"},\"primaryImageOfPage\":{\"@id\":\"https:\\\/\\\/leudineshop.com\\\/shop\\\/set-silueta\\\/#primaryimage\"},\"image\":{\"@id\":\"https:\\\/\\\/leudineshop.com\\\/shop\\\/set-silueta\\\/#primaryimage\"},\"thumbnailUrl\":\"https:\\\/\\\/leudineshop.com\\\/wp-content\\\/uploads\\\/2021\\\/11\\\/tratamiento-silueta-esbelta.png\",\"datePublished\":\"2021-11-03T12:18:35+00:00\",\"dateModified\":\"2024-11-25T00:24:59+00:00\",\"breadcrumb\":{\"@id\":\"https:\\\/\\\/leudineshop.com\\\/shop\\\/set-silueta\\\/#breadcrumb\"},\"inLanguage\":\"en-US\",\"potentialAction\":[{\"@type\":\"ReadAction\",\"target\":[\"https:\\\/\\\/leudineshop.com\\\/shop\\\/set-silueta\\\/\"]}]},{\"@type\":\"ImageObject\",\"inLanguage\":\"en-US\",\"@id\":\"https:\\\/\\\/leudineshop.com\\\/shop\\\/set-silueta\\\/#primaryimage\",\"url\":\"https:\\\/\\\/leudineshop.com\\\/wp-content\\\/uploads\\\/2021\\\/11\\\/tratamiento-silueta-esbelta.png\",\"contentUrl\":\"https:\\\/\\\/leudineshop.com\\\/wp-content\\\/uploads\\\/2021\\\/11\\\/tratamiento-silueta-esbelta.png\",\"width\":1200,\"height\":1200,\"caption\":\"tratamiento silueta esbelta\"},{\"@type\":\"BreadcrumbList\",\"@id\":\"https:\\\/\\\/leudineshop.com\\\/shop\\\/set-silueta\\\/#breadcrumb\",\"itemListElement\":[{\"@type\":\"ListItem\",\"position\":1,\"name\":\"Portada\",\"item\":\"https:\\\/\\\/leudineshop.com\\\/\"},{\"@type\":\"ListItem\",\"position\":2,\"name\":\"Shop\",\"item\":\"https:\\\/\\\/leudineshop.com\\\/bienestar-natural\\\/\"},{\"@type\":\"ListItem\",\"position\":3,\"name\":\"Set Silueta\"}]},{\"@type\":\"WebSite\",\"@id\":\"https:\\\/\\\/leudineshop.com\\\/#website\",\"url\":\"https:\\\/\\\/leudineshop.com\\\/\",\"name\":\"Leudine Shop\",\"description\":\"Productos de salud, belleza y bienestar natural\",\"publisher\":{\"@id\":\"https:\\\/\\\/leudineshop.com\\\/#organization\"},\"alternateName\":\"Tienda Leudine\",\"potentialAction\":[{\"@type\":\"SearchAction\",\"target\":{\"@type\":\"EntryPoint\",\"urlTemplate\":\"https:\\\/\\\/leudineshop.com\\\/?s={search_term_string}\"},\"query-input\":{\"@type\":\"PropertyValueSpecification\",\"valueRequired\":true,\"valueName\":\"search_term_string\"}}],\"inLanguage\":\"en-US\"},{\"@type\":\"Organization\",\"@id\":\"https:\\\/\\\/leudineshop.com\\\/#organization\",\"name\":\"Leudine USA\",\"url\":\"https:\\\/\\\/leudineshop.com\\\/\",\"logo\":{\"@type\":\"ImageObject\",\"inLanguage\":\"en-US\",\"@id\":\"https:\\\/\\\/leudineshop.com\\\/#\\\/schema\\\/logo\\\/image\\\/\",\"url\":\"https:\\\/\\\/leudineshop.com\\\/wp-content\\\/uploads\\\/2024\\\/06\\\/LOGO.jpg\",\"contentUrl\":\"https:\\\/\\\/leudineshop.com\\\/wp-content\\\/uploads\\\/2024\\\/06\\\/LOGO.jpg\",\"width\":800,\"height\":791,\"caption\":\"Leudine USA\"},\"image\":{\"@id\":\"https:\\\/\\\/leudineshop.com\\\/#\\\/schema\\\/logo\\\/image\\\/\"},\"sameAs\":[\"https:\\\/\\\/www.facebook.com\\\/LeudineUSAOfficial\",\"https:\\\/\\\/www.instagram.com\\\/leudineusaoficial\\\/\"]}]}<\/script>\n<!-- \/ Yoast SEO plugin. -->","yoast_head_json":{"title":"Set Silueta - Leudine Shop","robots":{"index":"index","follow":"follow","max-snippet":"max-snippet:-1","max-image-preview":"max-image-preview:large","max-video-preview":"max-video-preview:-1"},"canonical":"https:\/\/leudineshop.com\/en\/shop\/set-silueta\/","og_locale":"en_US","og_type":"article","og_title":"Set Silueta - Leudine Shop","og_description":"Usa el Redugel Plus para mejorar la apariencia de la piel en las \u00e1reas donde quieras perfeccionar el contorno de tu silueta. Act\u00faa en profundidad mejorando el aspecto ondulado de la piel dej\u00e1ndola m\u00e1s lisa, firme y sedosa.","og_url":"https:\/\/leudineshop.com\/en\/shop\/set-silueta\/","og_site_name":"Leudine Shop","article_publisher":"https:\/\/www.facebook.com\/LeudineUSAOfficial","article_modified_time":"2024-11-25T00:24:59+00:00","og_image":[{"width":1200,"height":1200,"url":"https:\/\/leudineshop.com\/wp-content\/uploads\/2021\/11\/tratamiento-silueta-esbelta.png","type":"image\/png"}],"twitter_card":"summary_large_image","twitter_misc":{"Est. reading time":"1 minute"},"schema":{"@context":"https:\/\/schema.org","@graph":[{"@type":"WebPage","@id":"https:\/\/leudineshop.com\/shop\/set-silueta\/","url":"https:\/\/leudineshop.com\/shop\/set-silueta\/","name":"Set Silueta - Leudine Shop","isPartOf":{"@id":"https:\/\/leudineshop.com\/#website"},"primaryImageOfPage":{"@id":"https:\/\/leudineshop.com\/shop\/set-silueta\/#primaryimage"},"image":{"@id":"https:\/\/leudineshop.com\/shop\/set-silueta\/#primaryimage"},"thumbnailUrl":"https:\/\/leudineshop.com\/wp-content\/uploads\/2021\/11\/tratamiento-silueta-esbelta.png","datePublished":"2021-11-03T12:18:35+00:00","dateModified":"2024-11-25T00:24:59+00:00","breadcrumb":{"@id":"https:\/\/leudineshop.com\/shop\/set-silueta\/#breadcrumb"},"inLanguage":"en-US","potentialAction":[{"@type":"ReadAction","target":["https:\/\/leudineshop.com\/shop\/set-silueta\/"]}]},{"@type":"ImageObject","inLanguage":"en-US","@id":"https:\/\/leudineshop.com\/shop\/set-silueta\/#primaryimage","url":"https:\/\/leudineshop.com\/wp-content\/uploads\/2021\/11\/tratamiento-silueta-esbelta.png","contentUrl":"https:\/\/leudineshop.com\/wp-content\/uploads\/2021\/11\/tratamiento-silueta-esbelta.png","width":1200,"height":1200,"caption":"tratamiento silueta esbelta"},{"@type":"BreadcrumbList","@id":"https:\/\/leudineshop.com\/shop\/set-silueta\/#breadcrumb","itemListElement":[{"@type":"ListItem","position":1,"name":"Portada","item":"https:\/\/leudineshop.com\/"},{"@type":"ListItem","position":2,"name":"Shop","item":"https:\/\/leudineshop.com\/bienestar-natural\/"},{"@type":"ListItem","position":3,"name":"Set Silueta"}]},{"@type":"WebSite","@id":"https:\/\/leudineshop.com\/#website","url":"https:\/\/leudineshop.com\/","name":"Leudine Shop","description":"Productos de salud, belleza y bienestar natural","publisher":{"@id":"https:\/\/leudineshop.com\/#organization"},"alternateName":"Tienda Leudine","potentialAction":[{"@type":"SearchAction","target":{"@type":"EntryPoint","urlTemplate":"https:\/\/leudineshop.com\/?s={search_term_string}"},"query-input":{"@type":"PropertyValueSpecification","valueRequired":true,"valueName":"search_term_string"}}],"inLanguage":"en-US"},{"@type":"Organization","@id":"https:\/\/leudineshop.com\/#organization","name":"Leudine USA","url":"https:\/\/leudineshop.com\/","logo":{"@type":"ImageObject","inLanguage":"en-US","@id":"https:\/\/leudineshop.com\/#\/schema\/logo\/image\/","url":"https:\/\/leudineshop.com\/wp-content\/uploads\/2024\/06\/LOGO.jpg","contentUrl":"https:\/\/leudineshop.com\/wp-content\/uploads\/2024\/06\/LOGO.jpg","width":800,"height":791,"caption":"Leudine USA"},"image":{"@id":"https:\/\/leudineshop.com\/#\/schema\/logo\/image\/"},"sameAs":["https:\/\/www.facebook.com\/LeudineUSAOfficial","https:\/\/www.instagram.com\/leudineusaoficial\/"]}]}},"jetpack_sharing_enabled":true,"_links":{"self":[{"href":"https:\/\/leudineshop.com\/en\/wp-json\/wp\/v2\/product\/2904","targetHints":{"allow":["GET"]}}],"collection":[{"href":"https:\/\/leudineshop.com\/en\/wp-json\/wp\/v2\/product"}],"about":[{"href":"https:\/\/leudineshop.com\/en\/wp-json\/wp\/v2\/types\/product"}],"replies":[{"embeddable":true,"href":"https:\/\/leudineshop.com\/en\/wp-json\/wp\/v2\/comments?post=2904"}],"wp:featuredmedia":[{"embeddable":true,"href":"https:\/\/leudineshop.com\/en\/wp-json\/wp\/v2\/media\/2905"}],"wp:attachment":[{"href":"https:\/\/leudineshop.com\/en\/wp-json\/wp\/v2\/media?parent=2904"}],"wp:term":[{"taxonomy":"product_brand","embeddable":true,"href":"https:\/\/leudineshop.com\/en\/wp-json\/wp\/v2\/product_brand?post=2904"},{"taxonomy":"product_cat","embeddable":true,"href":"https:\/\/leudineshop.com\/en\/wp-json\/wp\/v2\/product_cat?post=2904"},{"taxonomy":"product_tag","embeddable":true,"href":"https:\/\/leudineshop.com\/en\/wp-json\/wp\/v2\/product_tag?post=2904"}],"curies":[{"name":"wp","href":"https:\/\/api.w.org\/{rel}","templated":true}]}}