{"id":2906,"date":"2021-11-03T12:19:09","date_gmt":"2021-11-03T12:19:09","guid":{"rendered":"https:\/\/leudineshop.com\/?post_type=product&#038;p=2906"},"modified":"2024-11-25T00:24:59","modified_gmt":"2024-11-25T00:24:59","slug":"set-anti-estres","status":"publish","type":"product","link":"https:\/\/leudineshop.com\/en\/shop\/set-anti-estres\/","title":{"rendered":"Anti-Stress Set"},"content":{"rendered":"<p>Spray your Refreshing Splash on your pillow or in your room, then apply 5 drops of Melissa Oil to your hands, rubbing them together to activate the product and inhaling deeply several times, until you feel relaxed. Finish with gentle massages with your Blue Reliever on the neck, back, and shoulders.<\/p>","protected":false},"excerpt":{"rendered":"<p>Spray your Refreshing Splash on your pillow or in your room, then apply 5 drops of Melissa Oil to your hands, rubbing them together to activate the product and inhaling deeply several times, until you feel relaxed. Finish with gentle massages with your Blue Reliever on the neck, back, and shoulders.<\/p>","protected":false},"featured_media":2908,"comment_status":"open","ping_status":"closed","template":"","meta":{"_coblocks_attr":"","_coblocks_dimensions":"","_coblocks_responsive_height":"","_coblocks_accordion_ie_support":""},"product_brand":[],"product_cat":[154],"product_tag":[146,95,96,105],"class_list":{"0":"post-2906","1":"product","2":"type-product","3":"status-publish","4":"has-post-thumbnail","6":"product_cat-sets","7":"product_tag-anti-estres","8":"product_tag-blue-reliever","9":"product_tag-melissa-oil","10":"product_tag-refreshing-splash","12":"first","13":"instock","14":"taxable","15":"shipping-taxable","16":"purchasable","17":"product-type-simple"},"yoast_head":"<!-- This site is optimized with the Yoast SEO plugin v27.4 - https:\/\/yoast.com\/product\/yoast-seo-wordpress\/ -->\n<title>Set Anti Estr\u00e9s - Leudine Shop<\/title>\n<meta name=\"robots\" content=\"index, follow, max-snippet:-1, max-image-preview:large, max-video-preview:-1\" \/>\n<link rel=\"canonical\" href=\"https:\/\/leudineshop.com\/en\/shop\/set-anti-estres\/\" \/>\n<meta property=\"og:locale\" content=\"en_US\" \/>\n<meta property=\"og:type\" content=\"article\" \/>\n<meta property=\"og:title\" content=\"Set Anti Estr\u00e9s - Leudine Shop\" \/>\n<meta property=\"og:description\" content=\"Roc\u00eda tu Refreshing Splash sobre tu almohada o en el ambiente de tu habitaci\u00f3n, luego aplica 5 gotas de Melissa Oil en tus manos frot\u00e1ndolas para que el producto se active e inhalalo profundamente varias veces, hasta que te sientas relajado. Finaliza con suaves masajes con tu Blue Reliever en la cervical, espalda y hombros.\" \/>\n<meta property=\"og:url\" content=\"https:\/\/leudineshop.com\/en\/shop\/set-anti-estres\/\" \/>\n<meta property=\"og:site_name\" content=\"Leudine Shop\" \/>\n<meta property=\"article:publisher\" content=\"https:\/\/www.facebook.com\/LeudineUSAOfficial\" \/>\n<meta property=\"article:modified_time\" content=\"2024-11-25T00:24:59+00:00\" \/>\n<meta property=\"og:image\" content=\"https:\/\/leudineshop.com\/wp-content\/uploads\/2021\/11\/tratamiento-antiestres.png\" \/>\n\t<meta property=\"og:image:width\" content=\"1200\" \/>\n\t<meta property=\"og:image:height\" content=\"1200\" \/>\n\t<meta property=\"og:image:type\" content=\"image\/png\" \/>\n<meta name=\"twitter:card\" content=\"summary_large_image\" \/>\n<meta name=\"twitter:label1\" content=\"Est. reading time\" \/>\n\t<meta name=\"twitter:data1\" content=\"1 minute\" \/>\n<script type=\"application\/ld+json\" class=\"yoast-schema-graph\">{\"@context\":\"https:\\\/\\\/schema.org\",\"@graph\":[{\"@type\":\"WebPage\",\"@id\":\"https:\\\/\\\/leudineshop.com\\\/shop\\\/set-anti-estres\\\/\",\"url\":\"https:\\\/\\\/leudineshop.com\\\/shop\\\/set-anti-estres\\\/\",\"name\":\"Set Anti Estr\u00e9s - Leudine Shop\",\"isPartOf\":{\"@id\":\"https:\\\/\\\/leudineshop.com\\\/#website\"},\"primaryImageOfPage\":{\"@id\":\"https:\\\/\\\/leudineshop.com\\\/shop\\\/set-anti-estres\\\/#primaryimage\"},\"image\":{\"@id\":\"https:\\\/\\\/leudineshop.com\\\/shop\\\/set-anti-estres\\\/#primaryimage\"},\"thumbnailUrl\":\"https:\\\/\\\/leudineshop.com\\\/wp-content\\\/uploads\\\/2021\\\/11\\\/tratamiento-antiestres.png\",\"datePublished\":\"2021-11-03T12:19:09+00:00\",\"dateModified\":\"2024-11-25T00:24:59+00:00\",\"breadcrumb\":{\"@id\":\"https:\\\/\\\/leudineshop.com\\\/shop\\\/set-anti-estres\\\/#breadcrumb\"},\"inLanguage\":\"en-US\",\"potentialAction\":[{\"@type\":\"ReadAction\",\"target\":[\"https:\\\/\\\/leudineshop.com\\\/shop\\\/set-anti-estres\\\/\"]}]},{\"@type\":\"ImageObject\",\"inLanguage\":\"en-US\",\"@id\":\"https:\\\/\\\/leudineshop.com\\\/shop\\\/set-anti-estres\\\/#primaryimage\",\"url\":\"https:\\\/\\\/leudineshop.com\\\/wp-content\\\/uploads\\\/2021\\\/11\\\/tratamiento-antiestres.png\",\"contentUrl\":\"https:\\\/\\\/leudineshop.com\\\/wp-content\\\/uploads\\\/2021\\\/11\\\/tratamiento-antiestres.png\",\"width\":1200,\"height\":1200,\"caption\":\"tratamiento antiestres\"},{\"@type\":\"BreadcrumbList\",\"@id\":\"https:\\\/\\\/leudineshop.com\\\/shop\\\/set-anti-estres\\\/#breadcrumb\",\"itemListElement\":[{\"@type\":\"ListItem\",\"position\":1,\"name\":\"Portada\",\"item\":\"https:\\\/\\\/leudineshop.com\\\/\"},{\"@type\":\"ListItem\",\"position\":2,\"name\":\"Shop\",\"item\":\"https:\\\/\\\/leudineshop.com\\\/bienestar-natural\\\/\"},{\"@type\":\"ListItem\",\"position\":3,\"name\":\"Set Anti Estr\u00e9s\"}]},{\"@type\":\"WebSite\",\"@id\":\"https:\\\/\\\/leudineshop.com\\\/#website\",\"url\":\"https:\\\/\\\/leudineshop.com\\\/\",\"name\":\"Leudine Shop\",\"description\":\"Productos de salud, belleza y bienestar natural\",\"publisher\":{\"@id\":\"https:\\\/\\\/leudineshop.com\\\/#organization\"},\"alternateName\":\"Tienda Leudine\",\"potentialAction\":[{\"@type\":\"SearchAction\",\"target\":{\"@type\":\"EntryPoint\",\"urlTemplate\":\"https:\\\/\\\/leudineshop.com\\\/?s={search_term_string}\"},\"query-input\":{\"@type\":\"PropertyValueSpecification\",\"valueRequired\":true,\"valueName\":\"search_term_string\"}}],\"inLanguage\":\"en-US\"},{\"@type\":\"Organization\",\"@id\":\"https:\\\/\\\/leudineshop.com\\\/#organization\",\"name\":\"Leudine USA\",\"url\":\"https:\\\/\\\/leudineshop.com\\\/\",\"logo\":{\"@type\":\"ImageObject\",\"inLanguage\":\"en-US\",\"@id\":\"https:\\\/\\\/leudineshop.com\\\/#\\\/schema\\\/logo\\\/image\\\/\",\"url\":\"https:\\\/\\\/leudineshop.com\\\/wp-content\\\/uploads\\\/2024\\\/06\\\/LOGO.jpg\",\"contentUrl\":\"https:\\\/\\\/leudineshop.com\\\/wp-content\\\/uploads\\\/2024\\\/06\\\/LOGO.jpg\",\"width\":800,\"height\":791,\"caption\":\"Leudine USA\"},\"image\":{\"@id\":\"https:\\\/\\\/leudineshop.com\\\/#\\\/schema\\\/logo\\\/image\\\/\"},\"sameAs\":[\"https:\\\/\\\/www.facebook.com\\\/LeudineUSAOfficial\",\"https:\\\/\\\/www.instagram.com\\\/leudineusaoficial\\\/\"]}]}<\/script>\n<!-- \/ Yoast SEO plugin. -->","yoast_head_json":{"title":"Set Anti Estr\u00e9s - Leudine Shop","robots":{"index":"index","follow":"follow","max-snippet":"max-snippet:-1","max-image-preview":"max-image-preview:large","max-video-preview":"max-video-preview:-1"},"canonical":"https:\/\/leudineshop.com\/en\/shop\/set-anti-estres\/","og_locale":"en_US","og_type":"article","og_title":"Set Anti Estr\u00e9s - Leudine Shop","og_description":"Roc\u00eda tu Refreshing Splash sobre tu almohada o en el ambiente de tu habitaci\u00f3n, luego aplica 5 gotas de Melissa Oil en tus manos frot\u00e1ndolas para que el producto se active e inhalalo profundamente varias veces, hasta que te sientas relajado. Finaliza con suaves masajes con tu Blue Reliever en la cervical, espalda y hombros.","og_url":"https:\/\/leudineshop.com\/en\/shop\/set-anti-estres\/","og_site_name":"Leudine Shop","article_publisher":"https:\/\/www.facebook.com\/LeudineUSAOfficial","article_modified_time":"2024-11-25T00:24:59+00:00","og_image":[{"width":1200,"height":1200,"url":"https:\/\/leudineshop.com\/wp-content\/uploads\/2021\/11\/tratamiento-antiestres.png","type":"image\/png"}],"twitter_card":"summary_large_image","twitter_misc":{"Est. reading time":"1 minute"},"schema":{"@context":"https:\/\/schema.org","@graph":[{"@type":"WebPage","@id":"https:\/\/leudineshop.com\/shop\/set-anti-estres\/","url":"https:\/\/leudineshop.com\/shop\/set-anti-estres\/","name":"Set Anti Estr\u00e9s - Leudine Shop","isPartOf":{"@id":"https:\/\/leudineshop.com\/#website"},"primaryImageOfPage":{"@id":"https:\/\/leudineshop.com\/shop\/set-anti-estres\/#primaryimage"},"image":{"@id":"https:\/\/leudineshop.com\/shop\/set-anti-estres\/#primaryimage"},"thumbnailUrl":"https:\/\/leudineshop.com\/wp-content\/uploads\/2021\/11\/tratamiento-antiestres.png","datePublished":"2021-11-03T12:19:09+00:00","dateModified":"2024-11-25T00:24:59+00:00","breadcrumb":{"@id":"https:\/\/leudineshop.com\/shop\/set-anti-estres\/#breadcrumb"},"inLanguage":"en-US","potentialAction":[{"@type":"ReadAction","target":["https:\/\/leudineshop.com\/shop\/set-anti-estres\/"]}]},{"@type":"ImageObject","inLanguage":"en-US","@id":"https:\/\/leudineshop.com\/shop\/set-anti-estres\/#primaryimage","url":"https:\/\/leudineshop.com\/wp-content\/uploads\/2021\/11\/tratamiento-antiestres.png","contentUrl":"https:\/\/leudineshop.com\/wp-content\/uploads\/2021\/11\/tratamiento-antiestres.png","width":1200,"height":1200,"caption":"tratamiento antiestres"},{"@type":"BreadcrumbList","@id":"https:\/\/leudineshop.com\/shop\/set-anti-estres\/#breadcrumb","itemListElement":[{"@type":"ListItem","position":1,"name":"Portada","item":"https:\/\/leudineshop.com\/"},{"@type":"ListItem","position":2,"name":"Shop","item":"https:\/\/leudineshop.com\/bienestar-natural\/"},{"@type":"ListItem","position":3,"name":"Set Anti Estr\u00e9s"}]},{"@type":"WebSite","@id":"https:\/\/leudineshop.com\/#website","url":"https:\/\/leudineshop.com\/","name":"Leudine Shop","description":"Productos de salud, belleza y bienestar natural","publisher":{"@id":"https:\/\/leudineshop.com\/#organization"},"alternateName":"Tienda Leudine","potentialAction":[{"@type":"SearchAction","target":{"@type":"EntryPoint","urlTemplate":"https:\/\/leudineshop.com\/?s={search_term_string}"},"query-input":{"@type":"PropertyValueSpecification","valueRequired":true,"valueName":"search_term_string"}}],"inLanguage":"en-US"},{"@type":"Organization","@id":"https:\/\/leudineshop.com\/#organization","name":"Leudine USA","url":"https:\/\/leudineshop.com\/","logo":{"@type":"ImageObject","inLanguage":"en-US","@id":"https:\/\/leudineshop.com\/#\/schema\/logo\/image\/","url":"https:\/\/leudineshop.com\/wp-content\/uploads\/2024\/06\/LOGO.jpg","contentUrl":"https:\/\/leudineshop.com\/wp-content\/uploads\/2024\/06\/LOGO.jpg","width":800,"height":791,"caption":"Leudine USA"},"image":{"@id":"https:\/\/leudineshop.com\/#\/schema\/logo\/image\/"},"sameAs":["https:\/\/www.facebook.com\/LeudineUSAOfficial","https:\/\/www.instagram.com\/leudineusaoficial\/"]}]}},"jetpack_sharing_enabled":true,"_links":{"self":[{"href":"https:\/\/leudineshop.com\/en\/wp-json\/wp\/v2\/product\/2906","targetHints":{"allow":["GET"]}}],"collection":[{"href":"https:\/\/leudineshop.com\/en\/wp-json\/wp\/v2\/product"}],"about":[{"href":"https:\/\/leudineshop.com\/en\/wp-json\/wp\/v2\/types\/product"}],"replies":[{"embeddable":true,"href":"https:\/\/leudineshop.com\/en\/wp-json\/wp\/v2\/comments?post=2906"}],"wp:featuredmedia":[{"embeddable":true,"href":"https:\/\/leudineshop.com\/en\/wp-json\/wp\/v2\/media\/2908"}],"wp:attachment":[{"href":"https:\/\/leudineshop.com\/en\/wp-json\/wp\/v2\/media?parent=2906"}],"wp:term":[{"taxonomy":"product_brand","embeddable":true,"href":"https:\/\/leudineshop.com\/en\/wp-json\/wp\/v2\/product_brand?post=2906"},{"taxonomy":"product_cat","embeddable":true,"href":"https:\/\/leudineshop.com\/en\/wp-json\/wp\/v2\/product_cat?post=2906"},{"taxonomy":"product_tag","embeddable":true,"href":"https:\/\/leudineshop.com\/en\/wp-json\/wp\/v2\/product_tag?post=2906"}],"curies":[{"name":"wp","href":"https:\/\/api.w.org\/{rel}","templated":true}]}}